{"id":197,"date":"2021-02-11T14:58:52","date_gmt":"2021-02-11T13:58:52","guid":{"rendered":"http:\/\/pec.swinoujscie.pl\/?page_id=197"},"modified":"2021-02-11T14:58:52","modified_gmt":"2021-02-11T13:58:52","slug":"informacje-o-programie","status":"publish","type":"page","link":"https:\/\/pec.swinoujscie.pl\/index.php\/cieplo-systemowe\/informacje-o-programie\/","title":{"rendered":"Informacje o programie"},"content":{"rendered":"<div style=\"text-align: justify;\"><span style=\"font-family: arial,helvetica,sans-serif; font-size: small; color: #000845;\"><img loading=\"lazy\" decoding=\"async\" src=\"https:\/\/pec.swinoujscie.pl\/images\/cieplo_systemowe\/01_logo.jpg\" border=\"0\" width=\"389\" height=\"136\" \/><\/p>\n<p>\u201eCiep\u0142o systemowe\u201d to program promocyjny, kt\u00f3ry ma kszta\u0142towa\u0107 pozytywny wizerunek i niezawodno\u015b\u0107 system\u00f3w centralnego ogrzewania w Polsce. Jego realizacja rozpocz\u0119\u0142a si\u0119 w maju 2008 r. pod egid\u0105 Izby Gospodarczej Ciep\u0142ownictwo Polskie. <\/span><\/div>\n<div style=\"text-align: justify;\"><span style=\"font-family: arial,helvetica,sans-serif; font-size: small; color: #000845;\">Ciep\u0142o Systemowe to gwarancja rzetelnego, profesjonalnego kontaktu z przedsi\u0119biorstwem ciep\u0142owniczym niezale\u017cnie od z\u0142o\u017cono\u015bci zagadnienia. To r\u00f3wnie\u017c usprawnienie wsp\u00f3\u0142pracy i relacji z lokalnymi dostawcami z naciskiem na obszar odbioru i redystrybucji Ciep\u0142a Systemowego oraz obszar projektowo-inwestycyjny.<\/span><\/div>\n<div style=\"text-align: justify;\"><span style=\"font-family: arial,helvetica,sans-serif; font-size: small; color: #000845;\">Ciep\u0142o Systemowe to r\u00f3wnie\u017c odpowied\u017a na potrzeb\u0119 zmniejszania zaanga\u017cowania Klienta, rozumianego jako racjonalne przenoszenie na stron\u0119 dostawcy obowi\u0105zk\u00f3w zwi\u0105zanych z organizacyjnymi oraz technicznymi aspektami dostawy.<\/span><\/div>\n<div style=\"text-align: justify;\"><span style=\"font-family: arial,helvetica,sans-serif; font-size: small; color: #000845;\">Ponadto Ciep\u0142o Systemowe to jeden z najpewniejszych sposob\u00f3w ogrzewania budynk\u00f3w wielorodzinnych w obszarach miejskich.<\/span><\/div>\n<div style=\"text-align: justify;\"><span style=\"font-family: arial,helvetica,sans-serif; font-size: small; color: #000845;\">1 czerwca 2009 r. us\u0142uga \u201edostawa Ciep\u0142a Systemowego w postaci centralnego ogrzewania (CO) i ciep\u0142ej wody (CW)\u201d zg\u0142oszona przez Izb\u0119 Gospodarcz\u0105 Ciep\u0142ownictwo Polskie otrzyma\u0142a Laur konkursu &#8222;Teraz Polska&#8221;,. <\/span><\/div>\n<div style=\"text-align: justify;\"><span style=\"font-family: arial,helvetica,sans-serif; font-size: small; color: #000845;\">Mimo \u017ce wyr\u00f3\u017cnienie otrzyma\u0142a Izba, god\u0142o \u201cTeraz Polska\u201d zostaje oddane do dyspozycji wszystkich Uczestnik\u00f3w Programu Promocji Ciep\u0142a Systemowego. Tym samym Przedsi\u0119biorstwo Energetyki Cieplnej Sp. z o.o. w \u015awinouj\u015bciu zyska\u0142o prawo do pos\u0142ugiwania si\u0119 God\u0142em wraz z logo marki produktowej we wszystkich materia\u0142ach promocyjnych.<\/p>\n<p><\/span><\/div>\n<div style=\"text-align: justify;\"><span style=\"font-family: arial,helvetica,sans-serif; font-size: small; color: #000845;\"><strong>Nasz produkt jest najwy\u017cszej jako\u015bci<\/strong><\/p>\n<p><\/span><\/div>\n<div style=\"text-align: justify;\"><span style=\"font-family: arial,helvetica,sans-serif; font-size: small; color: #000845;\">Tak znacz\u0105ce wyr\u00f3\u017cnienie dowodzi, \u017ce Program Promocji Ciep\u0142a Systemowego i uczestnicz\u0105ce w nim firmy zosta\u0142y docenione na wielu p\u0142aszczyznach: technicznej, marketingowej czy organizacyjnej. Wysokie noty wystawi\u0142o bowiem nie tylko grono eksperckie, ale tak\u017ce sama Kapitu\u0142a, dzi\u0119ki czemu Ciep\u0142o Systemowego i Przedsi\u0119biorstwo Energetyki Cieplnej Sp. z o.o. w \u015awinouj\u015bciu do\u0142\u0105czy\u0142o do presti\u017cowej grupy produkt\u00f3w i us\u0142ug, kt\u00f3re sta\u0107 si\u0119 mog\u0105 wzorem biznesowego dzia\u0142ania. God\u0142o \u201cTeraz Polska\u201d jest tak\u017ce potwierdzeniem spe\u0142nienia przez PEC SP. z o.o. standard\u00f3w z zakresu obs\u0142ugi klienta, jako\u015bci dostarczanego produktu, norm technicznych oraz marketingu.<\/span><\/div>\n<div style=\"text-align: justify;\"><span style=\"font-family: arial,helvetica,sans-serif; font-size: small; color: #000845;\">Warto te\u017c zauwa\u017cy\u0107, \u017ce po raz pierwszy w 19-letniej historii konkursu uhonorowana zosta\u0142a us\u0142uga, kt\u00f3r\u0105 oferuje niemal 60 firm dzia\u0142aj\u0105cych na terenie ca\u0142ego kraju.<\/p>\n<p><\/span><\/div>\n<div style=\"text-align: justify;\"><span style=\"font-family: arial,helvetica,sans-serif; font-size: small; color: #000845;\">Pe\u0142ne informacje mo\u017cna znale\u017a\u0107 na stronie internetowej <a href=\"http:\/\/www.cieplosystemowe.pl\" target=\"_blank\" rel=\"noopener\">www.cieplosystemowe.pl<\/a>.<\/span><\/div>\n","protected":false},"excerpt":{"rendered":"<p>\u201eCiep\u0142o systemowe\u201d to program promocyjny, kt\u00f3ry ma kszta\u0142towa\u0107 pozytywny wizerunek i niezawodno\u015b\u0107 system\u00f3w centralnego ogrzewania w Polsce. Jego realizacja rozpocz\u0119\u0142a si\u0119 w maju 2008 r. pod egid\u0105 Izby Gospodarczej Ciep\u0142ownictwo Polskie. Ciep\u0142o Systemowe to gwarancja rzetelnego, profesjonalnego kontaktu z przedsi\u0119biorstwem ciep\u0142owniczym niezale\u017cnie od z\u0142o\u017cono\u015bci zagadnienia. To r\u00f3wnie\u017c usprawnienie wsp\u00f3\u0142pracy i relacji z lokalnymi dostawcami z naciskiem na obszar odbioru i redystrybucji Ciep\u0142a Systemowego oraz obszar projektowo-inwestycyjny. Ciep\u0142o Systemowe to r\u00f3wnie\u017c odpowied\u017a na potrzeb\u0119 zmniejszania zaanga\u017cowania Klienta, rozumianego jako racjonalne przenoszenie na stron\u0119 dostawcy obowi\u0105zk\u00f3w zwi\u0105zanych z organizacyjnymi oraz technicznymi aspektami dostawy. Ponadto Ciep\u0142o Systemowe to jeden z najpewniejszych sposob\u00f3w ogrzewania &hellip;<\/p>\n","protected":false},"author":1,"featured_media":0,"parent":87,"menu_order":0,"comment_status":"closed","ping_status":"closed","template":"","meta":{"footnotes":""},"class_list":["post-197","page","type-page","status-publish","hentry"],"publishpress_future_action":{"enabled":false,"date":"2026-05-10 14:30:47","action":"change-status","newStatus":"draft","terms":[],"taxonomy":"","extraData":[]},"publishpress_future_workflow_manual_trigger":{"enabledWorkflows":[]},"_links":{"self":[{"href":"https:\/\/pec.swinoujscie.pl\/index.php\/wp-json\/wp\/v2\/pages\/197","targetHints":{"allow":["GET"]}}],"collection":[{"href":"https:\/\/pec.swinoujscie.pl\/index.php\/wp-json\/wp\/v2\/pages"}],"about":[{"href":"https:\/\/pec.swinoujscie.pl\/index.php\/wp-json\/wp\/v2\/types\/page"}],"author":[{"embeddable":true,"href":"https:\/\/pec.swinoujscie.pl\/index.php\/wp-json\/wp\/v2\/users\/1"}],"replies":[{"embeddable":true,"href":"https:\/\/pec.swinoujscie.pl\/index.php\/wp-json\/wp\/v2\/comments?post=197"}],"version-history":[{"count":1,"href":"https:\/\/pec.swinoujscie.pl\/index.php\/wp-json\/wp\/v2\/pages\/197\/revisions"}],"predecessor-version":[{"id":198,"href":"https:\/\/pec.swinoujscie.pl\/index.php\/wp-json\/wp\/v2\/pages\/197\/revisions\/198"}],"up":[{"embeddable":true,"href":"https:\/\/pec.swinoujscie.pl\/index.php\/wp-json\/wp\/v2\/pages\/87"}],"wp:attachment":[{"href":"https:\/\/pec.swinoujscie.pl\/index.php\/wp-json\/wp\/v2\/media?parent=197"}],"curies":[{"name":"wp","href":"https:\/\/api.w.org\/{rel}","templated":true}]}}