{"id":211,"date":"2021-02-12T08:34:50","date_gmt":"2021-02-12T07:34:50","guid":{"rendered":"http:\/\/pec.swinoujscie.pl\/?page_id=211"},"modified":"2026-03-16T14:38:04","modified_gmt":"2026-03-16T13:38:04","slug":"pliki-do-pobrania","status":"publish","type":"page","link":"https:\/\/pec.swinoujscie.pl\/index.php\/dla-odbiorcy\/pliki-do-pobrania\/","title":{"rendered":"Pliki do pobrania"},"content":{"rendered":"<ol>\n<li><span style=\"font-family: arial,helvetica,sans-serif; font-size: small; color: #000845;\">Zapytanie o okre\u015blenie mo\u017cliwo\u015bci przy\u0142\u0105czenia do sieci ciep\u0142owniczej w \u015awinouj\u015bciu &#8211; <a href=\"http:\/\/pec2.home.pl\/pliki\/podlaczenie\/PEC_mozliwosc_przylaczenia.pdf\" target=\"_blank\" rel=\"noopener\">pobierz (pdf)<\/a>, <a href=\"http:\/\/pec2.home.pl\/pliki\/podlaczenie\/PEC_mozliwosc_przylaczenia.doc\" target=\"_blank\" rel=\"noopener\">pobierz (doc)<\/a><br \/>\n<\/span><\/li>\n<li><span style=\"font-family: arial,helvetica,sans-serif; font-size: small; color: #000845;\">wniosek o okre\u015blenie warunk\u00f3w przy\u0142\u0105czenia do sieci ciep\u0142owniczej (Wniosek W1) &#8211; <a href=\"http:\/\/pec2.home.pl\/pliki\/podlaczenie\/wniosek-przylaczenie%20wezla.pdf\" target=\"_blank\" rel=\"noopener\"><span style=\"color: #000845;\">pobierz(pdf)<\/span><\/a>, <\/span><\/li>\n<li><span style=\"font-family: arial,helvetica,sans-serif; font-size: small; color: #000845;\">wniosek o okre\u015blenie warunk\u00f3w przy\u0142\u0105czenia do sieci ciep\u0142owniczej (Wniosek W1) &#8211; <a href=\"http:\/\/pec2.home.pl\/pliki\/podlaczenie\/wniosek.doc\" target=\"_blank\" rel=\"noopener\"><span style=\"color: #000845;\">pobierz(doc)<\/span><\/a>, <\/span><\/li>\n<li><span style=\"font-family: arial,helvetica,sans-serif; font-size: small; color: #000845;\">zlecenia na dostaw\u0119 ciep\u0142a <a href=\"http:\/\/pec2.home.pl\/pliki\/wymiana%20umow\/Zalacznik%20Nr%201.xls\" target=\"_blank\" rel=\"noopener\"><span style=\"color: #000845;\">pobierz<\/span><\/a> + wymagane dokumenty &#8211; <a title=\"dokumenty\" href=\"http:\/\/pec2.home.pl\/pliki\/wymiana%20umow\/dokumenty.pdf\" target=\"_blank\" rel=\"noopener\"><span style=\"color: #000845;\">pobierz <\/span><\/a><\/span><\/li>\n<li><span style=\"font-family: arial,helvetica,sans-serif; font-size: small; color: #000845;\">projekt umowy przy\u0142\u0105czeniowej &#8211; <a href=\"http:\/\/pec2.home.pl\/pliki\/wymiana%20umow\/umowa%20przylaczeniowa.pdf\" target=\"_blank\" rel=\"noopener\"><span style=\"color: #000845;\">pobierz<\/span><\/a><\/span><\/li>\n<li><span style=\"font-family: arial,helvetica,sans-serif; font-size: small; color: #000845;\">kompleksowa umowa dostarczania ciep\u0142a &#8211; <a href=\"http:\/\/pec2.home.pl\/pliki\/wymiana%20umow\/umowa.pdf\" target=\"_blank\" rel=\"noopener\"><span style=\"color: #000845;\">pobierz<\/span><\/a><\/span><\/li>\n<li><span style=\"font-family: arial,helvetica,sans-serif; font-size: small; color: #000845;\"><span style=\"color: #000845;\">Og\u00f3lne Warunki Umowy kompleksowej Dostarczania Ciep\u0142a &#8211; <a href=\"http:\/\/pec2.home.pl\/pliki\/wymiana%20umow\/Zalacznik%202.pdf\" target=\"_blank\" rel=\"noopener\">pobierz<\/a><br \/>\n<\/span><\/span><\/li>\n<li><span style=\"font-family: arial,helvetica,sans-serif; font-size: small;\"><span style=\"color: #000845;\">regulamin korzystania z us\u0142ug publicznych \u015bwiadczonych przez PEC Sp. z o.o<\/span>.<\/span><span style=\"font-family: arial,helvetica,sans-serif; font-size: small; color: #000845;\"> &#8211; <a href=\"http:\/\/pec2.home.pl\/pliki\/regulamin.pdf\" target=\"_blank\" rel=\"noopener\"><span style=\"color: #000845;\">pobierz<\/span><\/a><\/span><\/li>\n<li style=\"text-align: justify;\"><span style=\"font-family: arial,helvetica,sans-serif; font-size: small;\"><span style=\"color: #000845;\">szczeg\u00f3\u0142owe wymagania projektowe i techniczno &#8211; eksploatacyjne sieci cieplnej<\/span> &#8211; <a href=\"http:\/\/pec2.home.pl\/pliki\/podlaczenie\/zal1_siec.pdf\">pobierz<\/a> (<span style=\"color: #000845;\">pdf<\/span>)<\/span><\/li>\n<li style=\"text-align: justify;\"><span style=\"font-family: arial,helvetica,sans-serif; font-size: small;\"><span style=\"font-family: arial,helvetica,sans-serif; font-size: small;\"><span style=\"color: #000845;\">szczeg\u00f3\u0142owe wymagania projektowe i techniczno &#8211; eksploatacyjne w\u0119z\u0142a cieplnego<\/span> &#8211; <a href=\"http:\/\/pec2.home.pl\/pliki\/podlaczenie\/zal2_wezel.pdf\">pobierz<\/a> (<span style=\"color: #000845;\">pdf<\/span>)<\/span><\/span><\/li>\n<li style=\"text-align: justify;\"><span style=\"font-family: arial,helvetica,sans-serif; font-size: small;\"><span style=\"font-family: arial,helvetica,sans-serif; font-size: small;\"><span style=\"font-family: arial,helvetica,sans-serif; font-size: small;\"><span style=\"color: #000845;\">wymagania dotycz\u0105ce pomieszczenia w\u0119z\u0142a cieplnego<\/span> &#8211; <a href=\"http:\/\/pec2.home.pl\/pliki\/podlaczenie\/zal3_pomieszczenie.pdf\">pobierz<\/a> (<span style=\"color: #000845;\">pdf<\/span>)<\/span><\/span><\/span><\/li>\n<li style=\"text-align: justify;\"><span style=\"font-family: arial,helvetica,sans-serif; font-size: small; color: #000845;\">harmonogram odczytu uk\u0142ad\u00f3w pomiarowo- rozliczeniowych zu\u017cycia ciep\u0142a i no\u015bnika ciep\u0142a na <strong>rok 2026<\/strong> &#8211; <a href=\"http:\/\/pec2.home.pl\/pliki\/odczyty2026.pdf\" target=\"_blank\" rel=\"noopener\">pobierz<\/a> (pdf)<br \/>\n<\/span><\/li>\n<li style=\"text-align: justify;\"><span style=\"font-family: arial,helvetica,sans-serif; font-size: small; color: #000845;\">regulamin us\u0142ugi eBOK &#8211; <a href=\"http:\/\/pec2.home.pl\/pliki\/ebok\/ebok\/regulamin.pdf\" target=\"_blank\" rel=\"noopener\">pobierz<\/a> (pdf), za\u0142\u0105cznik (zmiana adresu e-mail) &#8211; <a href=\"http:\/\/pec2.home.pl\/pliki\/ebok\/ebok\/zalacznik01_zmiana_email.pdf\" target=\"_blank\" rel=\"noopener\">pobierz<\/a> (pdf), za\u0142\u0105cznik (wycofanie zgody) &#8211; <a href=\"http:\/\/pec2.home.pl\/pliki\/ebok\/ebok\/zalacznik02_cofniecie_zgody.pdf\" target=\"_blank\" rel=\"noopener\">pobierz<\/a> (pdf),<br \/>\n<\/span><\/li>\n<li>regulamin wystawiania i udost\u0119pniania faktur drog\u0105 elektroniczn\u0105 &#8211; <a href=\"http:\/\/pec2.home.pl\/pliki\/ebok\/efaktura\/regulamin.pdf\" target=\"_blank\" rel=\"noopener\">pobierz<\/a> (pdf),<\/li>\n<li>regulamin us\u0142ugi eKorespondencji &#8211; <a href=\"http:\/\/pec2.home.pl\/pliki\/ebok\/ekorespondencja\/regulamin.pdf\" target=\"_blank\" rel=\"noopener\">pobierz<\/a> (pdf), za\u0142\u0105czniki &#8211; <a href=\"http:\/\/pec2.home.pl\/pliki\/ebok\/ekorespondencja\/zalaczniki.pdf\" target=\"_blank\" rel=\"noopener\">pobierz<\/a> (pdf), za\u0142\u0105czniki &#8211; <a href=\"http:\/\/pec2.home.pl\/pliki\/ebok\/ekorespondencja\/zalaczniki.doc\" target=\"_blank\" rel=\"noopener\">pobierz<\/a> (doc)<\/li>\n<\/ol>\n<div style=\"text-align: justify;\"><span style=\"font-family: arial,helvetica,sans-serif; font-size: small;\">\u00a0<\/span><\/div>\n","protected":false},"excerpt":{"rendered":"<p>Zapytanie o okre\u015blenie mo\u017cliwo\u015bci przy\u0142\u0105czenia do sieci ciep\u0142owniczej w \u015awinouj\u015bciu &#8211; pobierz (pdf), pobierz (doc) wniosek o okre\u015blenie warunk\u00f3w przy\u0142\u0105czenia do sieci ciep\u0142owniczej (Wniosek W1) &#8211; pobierz(pdf), wniosek o okre\u015blenie warunk\u00f3w przy\u0142\u0105czenia do sieci ciep\u0142owniczej (Wniosek W1) &#8211; pobierz(doc), zlecenia na dostaw\u0119 ciep\u0142a pobierz + wymagane dokumenty &#8211; pobierz projekt umowy przy\u0142\u0105czeniowej &#8211; pobierz kompleksowa umowa dostarczania ciep\u0142a &#8211; pobierz Og\u00f3lne Warunki Umowy kompleksowej Dostarczania Ciep\u0142a &#8211; pobierz regulamin korzystania z us\u0142ug publicznych \u015bwiadczonych przez PEC Sp. z o.o. &#8211; pobierz szczeg\u00f3\u0142owe wymagania projektowe i techniczno &#8211; eksploatacyjne sieci cieplnej &#8211; pobierz (pdf) szczeg\u00f3\u0142owe wymagania projektowe i techniczno &#8211; eksploatacyjne &hellip;<\/p>\n","protected":false},"author":1,"featured_media":0,"parent":86,"menu_order":0,"comment_status":"closed","ping_status":"closed","template":"","meta":{"footnotes":""},"class_list":["post-211","page","type-page","status-publish","hentry"],"publishpress_future_action":{"enabled":false,"date":"2026-05-10 11:55:47","action":"change-status","newStatus":"draft","terms":[],"taxonomy":"","extraData":[]},"publishpress_future_workflow_manual_trigger":{"enabledWorkflows":[]},"_links":{"self":[{"href":"https:\/\/pec.swinoujscie.pl\/index.php\/wp-json\/wp\/v2\/pages\/211","targetHints":{"allow":["GET"]}}],"collection":[{"href":"https:\/\/pec.swinoujscie.pl\/index.php\/wp-json\/wp\/v2\/pages"}],"about":[{"href":"https:\/\/pec.swinoujscie.pl\/index.php\/wp-json\/wp\/v2\/types\/page"}],"author":[{"embeddable":true,"href":"https:\/\/pec.swinoujscie.pl\/index.php\/wp-json\/wp\/v2\/users\/1"}],"replies":[{"embeddable":true,"href":"https:\/\/pec.swinoujscie.pl\/index.php\/wp-json\/wp\/v2\/comments?post=211"}],"version-history":[{"count":10,"href":"https:\/\/pec.swinoujscie.pl\/index.php\/wp-json\/wp\/v2\/pages\/211\/revisions"}],"predecessor-version":[{"id":2037,"href":"https:\/\/pec.swinoujscie.pl\/index.php\/wp-json\/wp\/v2\/pages\/211\/revisions\/2037"}],"up":[{"embeddable":true,"href":"https:\/\/pec.swinoujscie.pl\/index.php\/wp-json\/wp\/v2\/pages\/86"}],"wp:attachment":[{"href":"https:\/\/pec.swinoujscie.pl\/index.php\/wp-json\/wp\/v2\/media?parent=211"}],"curies":[{"name":"wp","href":"https:\/\/api.w.org\/{rel}","templated":true}]}}