{"id":256,"date":"2021-02-12T14:50:52","date_gmt":"2021-02-12T13:50:52","guid":{"rendered":"http:\/\/pec.swinoujscie.pl\/?page_id=256"},"modified":"2021-02-12T14:50:52","modified_gmt":"2021-02-12T13:50:52","slug":"norwegian-fund-project-co-financing","status":"publish","type":"page","link":"https:\/\/pec.swinoujscie.pl\/index.php\/o-nas\/norwegian-fund-project-co-financing\/","title":{"rendered":"Norwegian Fund \u2013 Project Co-Financing"},"content":{"rendered":"<div style=\"text-align: justify;\"><span style=\"font-family: arial,helvetica,sans-serif; font-size: small; color: #000845;\"><strong>Norwegian Financial Mechanism 2009-2014<\/strong><\/span><\/div>\n<div style=\"text-align: justify;\"><span style=\"font-family: arial,helvetica,sans-serif; font-size: small; color: #000845;\"><strong>PL04 Program \u2018Energy saving and promotion of renewable energy sources\u2019.<\/strong><\/span><\/div>\n<div style=\"text-align: justify;\"><span style=\"font-family: arial,helvetica,sans-serif; font-size: small; color: #000845;\">By the <a href=\"http:\/\/www.norwaygrants.org\" target=\"_blank\" rel=\"noopener\"><span style=\"color: #000845;\">Norwegian Fund<\/span><\/a> Norway contributes to decreasing social and economic disproportions as well as to enhancing bilateral relations with beneficiary states in Europe. Norway closely cooperates with the EU on the basis of the Agreement on the European Economic Area. Within 2009 and 2014 support granted by Norway has amounted to EUR 1.7 milliards. These funds are available for non-governmental organisations, research and academic institutions as well as for the private and public sectors in 12 newly admitted member states of the EU and also for Greece, Portugal and Spain. Thanks to them a wide cooperation with entities from Norway has developed. Undertakings can be implemented till 2016. <\/span><\/div>\n<div style=\"text-align: justify;\"><span style=\"font-family: arial,helvetica,sans-serif; font-size: small; color: #000845;\"><strong><br \/>\nProject information<\/strong><\/span><\/div>\n<div style=\"text-align: justify;\"><span style=\"font-family: arial,helvetica,sans-serif; font-size: small; color: #000845;\"><strong>Beneficiary<\/strong><\/span><\/div>\n<div style=\"text-align: justify;\"><span style=\"font-family: arial,helvetica,sans-serif; font-size: small; color: #000845;\">Przedsi\u0119biorstwo Energetyki Cieplnej Sp\u00f3\u0142ka z o.o.<\/span><\/div>\n<div style=\"text-align: justify;\"><span style=\"font-family: arial,helvetica,sans-serif; font-size: small; color: #000845;\">72-600 \u015awinouj\u015bcie, ul. Daszy\u0144skiego 2<\/span><\/div>\n<div style=\"text-align: justify;\"><\/div>\n<div style=\"text-align: justify;\"><span style=\"font-family: arial,helvetica,sans-serif; font-size: small; color: #000845;\"><strong>Project Title<\/strong><\/span><\/div>\n<div style=\"text-align: justify;\"><span style=\"font-family: arial,helvetica,sans-serif; font-size: small; color: #000845;\">Reduction of pollution emission through modernisation of dedusting and WR 5-022 boiler at PEC Sp. z o.o.<\/span><\/div>\n<div style=\"text-align: justify;\"><span style=\"font-family: arial,helvetica,sans-serif; font-size: small; color: #000845;\"><strong><br \/>\nProgram Operator<\/strong><\/span><\/div>\n<div style=\"text-align: justify;\"><span style=\"font-family: arial,helvetica,sans-serif; font-size: small; color: #000845;\">Narodowy Fundusz Ochrony \u015arodowiska i Gospodarki Wodnej (National Fund for Environmental Protection and Water Management)<\/span><\/div>\n<div style=\"text-align: justify;\"><span style=\"font-family: arial,helvetica,sans-serif; font-size: small; color: #000845;\">02-673 Warszawa ul. Konstruktorska 3A<\/span><\/div>\n<div style=\"text-align: justify;\"><\/div>\n<div style=\"text-align: justify;\"><span style=\"font-family: arial,helvetica,sans-serif; font-size: small; color: #000845;\"><strong>Co-Financing Institution<\/strong><\/span><\/div>\n<div style=\"text-align: justify;\"><span style=\"font-family: arial,helvetica,sans-serif; font-size: small; color: #000845;\">Norwegian Financial Mechanism 2009-2014<\/span><\/div>\n<div style=\"text-align: justify;\"><span style=\"font-family: arial,helvetica,sans-serif; font-size: small; color: #000845;\"><strong><br \/>\nProject Value<\/strong><\/span><\/div>\n<div style=\"text-align: justify;\"><span style=\"font-family: arial,helvetica,sans-serif; font-size: small; color: #000845;\">PLN 2 315 421<br \/>\n<\/span><\/div>\n<div style=\"text-align: justify;\"><span style=\"font-family: arial,helvetica,sans-serif; font-size: small; color: #000845;\"><strong><br \/>\nSubsidy From The Norwegian Financial Mechanism<\/strong><\/span><\/div>\n<div style=\"text-align: justify;\"><span style=\"font-family: arial,helvetica,sans-serif; font-size: small; color: #000845;\">PLN 555 956 (30 %).<\/span><\/div>\n<div style=\"text-align: justify;\"><span style=\"font-family: arial,helvetica,sans-serif; font-size: small; color: #000845;\"><strong><br \/>\nProject Execution Term<\/strong><\/span><\/div>\n<div style=\"text-align: justify;\"><span style=\"font-family: arial,helvetica,sans-serif; font-size: small; color: #000845;\">Date of commencement \u2013 July 2012 r.<\/span><\/div>\n<div style=\"text-align: justify;\"><span style=\"font-family: arial,helvetica,sans-serif; font-size: small; color: #000845;\">Date of completion \u2013 April 2013 r.<\/span><\/div>\n<div style=\"text-align: justify;\"><\/div>\n<div style=\"text-align: justify;\"><span style=\"font-family: arial,helvetica,sans-serif; font-size: small; color: #000845;\"><strong>Entity Executing The Project<\/strong><\/span><\/div>\n<div style=\"text-align: justify;\"><span style=\"font-family: arial,helvetica,sans-serif; font-size: small; color: #000845;\">Zak\u0142ad Us\u0142ugowo &#8211; Produkcyjny Ekran Sp\u00f3\u0142ka z o.o.<\/span><\/div>\n<div style=\"text-align: justify;\"><span style=\"font-family: arial,helvetica,sans-serif; font-size: small; color: #000845;\">28-340 S\u0119dzisz\u00f3w ul. Przemys\u0142owa 26<\/span><\/div>\n<div style=\"text-align: justify;\"><\/div>\n<div style=\"text-align: justify;\"><span style=\"color: #000845;\"><span style=\"font-family: arial,helvetica,sans-serif; font-size: small;\"><strong>Project Aim<br \/>\n<\/strong><\/span><span style=\"font-family: arial,helvetica,sans-serif; font-size: small;\">&#8211; modernisation of one water\u2013tube boiler of the WLm5\/WR5-M type together with exhaust dedusting installation installed at the municipal heating plant,<br \/>\n<\/span><span style=\"font-family: arial,helvetica,sans-serif; font-size: small;\">&#8211; adjustment of the fuel burning installation of K-1 boiler to the emission standards resulting from the national and European Union provisions binding after 31.12.2016.<\/span><\/span><\/div>\n<div style=\"text-align: justify;\"><\/div>\n<div style=\"text-align: justify;\"><span style=\"color: #000845;\"><span style=\"font-family: arial,helvetica,sans-serif; font-size: small;\"><strong>The Scope Of Modernisation Of The Dedusting Installation And Boiler Equipment<br \/>\n<\/strong><\/span><span style=\"font-family: arial,helvetica,sans-serif; font-size: small;\">&#8211; disassembly of the boiler installation together with accompanying devices in the scope necessary for modernisation,<br \/>\n<\/span><span style=\"font-family: arial,helvetica,sans-serif; font-size: small;\">&#8211; delivery and construction of a new K-1 boiler dedusting installation together with an exhaust canal connected to the existing canal joining K-4 and K-5 boilers with the funnel (H=80.5 m),<br \/>\n<\/span><span style=\"font-family: arial,helvetica,sans-serif; font-size: small;\">&#8211; delivery and assembly of other installations and equipment accompanying K-1 boiler including, among others: pressure part of the boiler, blast and secondary air installation, new fume exhaust ventilator, complete grate with drive, water circulation system \u2013 own boiler framing, brickwork with external boiler shell and complete thermal insulation of the boiler and pipelines, complex boiler control and measuring box, economiser and connection of the automation installation to the primary steering of the heating plant. <\/span><\/span><\/div>\n<div class=\"ListParagraph\" style=\"text-align: justify;\"><\/div>\n<div style=\"text-align: justify;\"><span style=\"font-family: arial,helvetica,sans-serif; font-size: small; color: #000845;\"><strong>Results Of The Modernisation Of The Dedusting Installation And Boiler Equipment <\/strong><\/span><\/div>\n<div style=\"text-align: justify;\"><span style=\"font-family: arial,helvetica,sans-serif; font-size: small; color: #000845;\">Due to the project execution emission of dust and gas pollutions including carbon dioxide emission into the atmosphere will decrease four times. Also, a higher efficiency of using the primary energy contained in carbon per one unit of generated heat will be reached.<\/span><\/div>\n<div style=\"text-align: justify;\"><span style=\"font-family: arial,helvetica,sans-serif; font-size: small; color: #000845;\">The project will also be beneficiary for the citizens of \u015awinouj\u015bcie and its surroundings, because the emission of pollution into the atmosphere will be reduced, which will improve the state of atmospheric air.<\/span><\/div>\n<div style=\"text-align: justify;\"><span style=\"color: #000845;\"><span style=\"font-family: arial,helvetica,sans-serif; font-size: small;\"><strong><br \/>\nMeasurable targets:<br \/>\n<\/strong><\/span><span style=\"font-family: arial,helvetica,sans-serif; font-size: small;\">&#8211; increase of the dedusting system efficiency,<br \/>\n<\/span><span style=\"font-family: arial,helvetica,sans-serif; font-size: small;\">&#8211; reduction of pollution from K-1 boiler by 231,76 [mg\/year] including reduction of: SO<sub>2<\/sub> by 0,97 [Mg\/year], NOx by 0,40 [Mg\/year], CO<sub>2<\/sub> by 210,00 [Mg\/year], CO by 1,00 [Mg\/year], dust by 13,18 [Mg\/year], soot by 0,00648 [Mg\/year], Benzopyrene by 0,00016 [Mg\/year], boiler slag by 6,20 [Mg\/year],<br \/>\n<\/span><span style=\"font-family: arial,helvetica,sans-serif; font-size: small;\">&#8211; reduction of the charges incurred for economic usage of the environment concerning K-1.<\/span><\/span><\/div>\n<div style=\"text-align: justify;\"><span style=\"font-family: arial,helvetica,sans-serif; font-size: small;\"><span style=\"font-family: arial,helvetica,sans-serif; font-size: small;\"><br \/>\n<\/span><\/span><span style=\"font-family: arial,helvetica,sans-serif; font-size: small; color: #000845;\">Signing of the agreement for co-financing<\/span><span style=\"font-family: arial,helvetica,sans-serif; font-size: small;\"><span style=\"color: #000845;\"> &#8211; <a href=\"https:\/\/pec.swinoujscie.pl\/index.php?option=com_content&amp;view=article&amp;id=76\">enter<\/a><strong><br \/>\n<\/strong><\/span>Photo gallery<span style=\"color: #000845;\"> &#8211; <a href=\"https:\/\/pec.swinoujscie.pl\/index.php?option=com_phocagallery&amp;view=category&amp;id=20:fundusz-norweski-dofinansowanie-projektu&amp;Itemid=653\">enter<\/a><\/span><\/span><\/div>\n","protected":false},"excerpt":{"rendered":"<p>Norwegian Financial Mechanism 2009-2014 PL04 Program \u2018Energy saving and promotion of renewable energy sources\u2019. By the Norwegian Fund Norway contributes to decreasing social and economic disproportions as well as to enhancing bilateral relations with beneficiary states in Europe. Norway closely cooperates with the EU on the basis of the Agreement on the European Economic Area. Within 2009 and 2014 support granted by Norway has amounted to EUR 1.7 milliards. These funds are available for non-governmental organisations, research and academic institutions as well as for the private and public sectors in 12 newly admitted member states of the EU and also &hellip;<\/p>\n","protected":false},"author":1,"featured_media":0,"parent":6,"menu_order":0,"comment_status":"closed","ping_status":"closed","template":"","meta":{"footnotes":""},"class_list":["post-256","page","type-page","status-publish","hentry"],"publishpress_future_action":{"enabled":false,"date":"2026-05-11 11:36:35","action":"change-status","newStatus":"draft","terms":[],"taxonomy":"","extraData":[]},"publishpress_future_workflow_manual_trigger":{"enabledWorkflows":[]},"_links":{"self":[{"href":"https:\/\/pec.swinoujscie.pl\/index.php\/wp-json\/wp\/v2\/pages\/256","targetHints":{"allow":["GET"]}}],"collection":[{"href":"https:\/\/pec.swinoujscie.pl\/index.php\/wp-json\/wp\/v2\/pages"}],"about":[{"href":"https:\/\/pec.swinoujscie.pl\/index.php\/wp-json\/wp\/v2\/types\/page"}],"author":[{"embeddable":true,"href":"https:\/\/pec.swinoujscie.pl\/index.php\/wp-json\/wp\/v2\/users\/1"}],"replies":[{"embeddable":true,"href":"https:\/\/pec.swinoujscie.pl\/index.php\/wp-json\/wp\/v2\/comments?post=256"}],"version-history":[{"count":1,"href":"https:\/\/pec.swinoujscie.pl\/index.php\/wp-json\/wp\/v2\/pages\/256\/revisions"}],"predecessor-version":[{"id":257,"href":"https:\/\/pec.swinoujscie.pl\/index.php\/wp-json\/wp\/v2\/pages\/256\/revisions\/257"}],"up":[{"embeddable":true,"href":"https:\/\/pec.swinoujscie.pl\/index.php\/wp-json\/wp\/v2\/pages\/6"}],"wp:attachment":[{"href":"https:\/\/pec.swinoujscie.pl\/index.php\/wp-json\/wp\/v2\/media?parent=256"}],"curies":[{"name":"wp","href":"https:\/\/api.w.org\/{rel}","templated":true}]}}