{"id":312,"date":"2021-02-24T07:46:29","date_gmt":"2021-02-24T06:46:29","guid":{"rendered":"http:\/\/pec.swinoujscie.pl\/?page_id=312"},"modified":"2026-03-20T09:07:48","modified_gmt":"2026-03-20T08:07:48","slug":"zuzycie-i-struktura-paliwa","status":"publish","type":"page","link":"https:\/\/pec.swinoujscie.pl\/index.php\/zuzycie-i-struktura-paliwa\/","title":{"rendered":"Zu\u017cycie i struktura paliwa"},"content":{"rendered":"<p><strong>Informacja o strukturze paliw zu\u017cywanych do wytwarzania ciep\u0142a sprzedawanego przez Przedsi\u0119biorstwo Energetyki Cieplnej Sp. z o.o. oraz o wp\u0142ywie wytwarzania tego ciep\u0142a na \u015brodowisko w roku 2025 w my\u015bl zapis\u00f3w \u00a7 23 ust. 3 i 4 Rozporz\u0105dzenia Ministra Gospodarki z dnia 15 stycznia 2007 r. w sprawie szczeg\u00f3\u0142owych warunk\u00f3w funkcjonowania system\u00f3w ciep\u0142owniczych (Dz. U. 2007.16.92)<\/strong><\/p>\n<p>1. Struktura paliw zu\u017cywanych do wytwarzania ciep\u0142a sprzedanego przez sprzedawc\u0119 w roku 2025:<\/p>\n<p>\n<table id=\"tablepress-5\" class=\"tablepress tablepress-id-5\">\n<thead>\n<tr class=\"row-1\">\n\t<th class=\"column-1\">Lp.<\/th><th class=\"column-2\">\u0179r\u00f3d\u0142o ciep\u0142a<code><sup>1<\/sup><\/code><\/th><th class=\"column-3\">Udzia\u0142<code><sup>2<\/sup><\/code> [%]<\/th>\n<\/tr>\n<\/thead>\n<tbody class=\"row-striping row-hover\">\n<tr class=\"row-2\">\n\t<td class=\"column-1\">1<\/td><td class=\"column-2\">W\u0119giel kamienny<\/td><td class=\"column-3\">86,5 <\/td>\n<\/tr>\n<tr class=\"row-3\">\n\t<td class=\"column-1\">2<\/td><td class=\"column-2\">Gaz ziemny<\/td><td class=\"column-3\">13,5<\/td>\n<\/tr>\n<tr class=\"row-4\">\n\t<td class=\"column-1\"><\/td><td class=\"column-2\">Razem<\/td><td class=\"column-3\">100<\/td>\n<\/tr>\n<\/tbody>\n<\/table>\n<!-- #tablepress-5 from cache --><span style=\"font-size: small; font-family: arial, helvetica, sans-serif; color: #000845;\"><span style=\"font-size: x-small; font-family: arial, helvetica, sans-serif;\">1 struktura paliw zgodnie z za\u0142\u0105cznikiem nr 2 do Rozporz\u0105dzenia Ministra Klimatu i \u015arodowiska z dnia 22 marca 2023 r. w sprawie szczeg\u00f3\u0142owych warunk\u00f3w funkcjonowania systemu elektroenergetycznego (Dz. U. 2023, poz. 819)<\/span><br \/>\n<span style=\"font-size: x-small; font-family: arial, helvetica, sans-serif;\">2 udzia\u0142 procentowy w ca\u0142kowitej energii chemicznej paliwa<br \/>\n<\/span><\/span><br \/>\n2. Wykres ko\u0142owy obrazuj\u0105cy graficznie struktur\u0119 paliw i innych no\u015bnik\u00f3w energii pierwotnej zu\u017cywanych do wytworzenia ciep\u0142a sprzedanego, o kt\u00f3rym mowa w pkt. 1<\/p>\n\n<table id=\"tablepress-9\" class=\"tablepress tablepress-id-9\">\n<tbody class=\"row-striping row-hover\">\n<tr class=\"row-1\">\n\t<td class=\"column-1\">W\u0119giel kamienny<\/td><td class=\"column-2\">499 940,00<\/td><td class=\"column-3\">86,5 %<\/td>\n<\/tr>\n<tr class=\"row-2\">\n\t<td class=\"column-1\">Gaz ziemny<\/td><td class=\"column-2\">78 100,00<\/td><td class=\"column-3\">13,5 %<\/td>\n<\/tr>\n<tr class=\"row-3\">\n\t<td class=\"column-1\"><\/td><td class=\"column-2\">578 040,00<\/td><td class=\"column-3\"><\/td>\n<\/tr>\n<\/tbody>\n<\/table>\n<!-- #tablepress-9 from cache -->\n<div class=\"visualizer-front-container visualizer-lazy-render\" id=\"chart_wrapper_visualizer-1770-1231999896\"><style type=\"text\/css\" name=\"visualizer-custom-css\" id=\"customcss-visualizer-1770\">.locker,.locker-loader{position:absolute;top:0;left:0;width:100%;height:100%}.locker{z-index:1000;opacity:.8;background-color:#fff;-ms-filter:\"progid:DXImageTransform.Microsoft.Alpha(Opacity=80)\";filter:alpha(opacity=80)}.locker-loader{z-index:1001;background:url(https:\/\/pec.swinoujscie.pl\/wp-content\/plugins\/visualizer\/images\/ajax-loader.gif) no-repeat center center}.dt-button{display:none!important}.visualizer-front-container.visualizer-lazy-render{content-visibility: auto;}.google-visualization-controls-categoryfilter label.google-visualization-controls-label {vertical-align: middle;}.google-visualization-controls-categoryfilter li.goog-inline-block {margin: 0 0.2em;}.google-visualization-controls-categoryfilter li {padding: 0 0.2em;}.visualizer-front-container .dataTables_scrollHeadInner{margin: 0 auto;}<\/style><div id=\"visualizer-1770-1231999896\" class=\"visualizer-front  visualizer-front-1770\"><\/div><!-- Not showing structured data for chart 1770 because title is empty --><\/div>\n<p>3. Informacje o wp\u0142ywie wytwarzania ciep\u0142a na \u015brodowisko w zakresie emisji dla poszczeg\u00f3lnych paliw i no\u015bnik\u00f3w energii pierwotnej zu\u017cywanych do wytworzenia ciep\u0142a sprzedanego przez sprzedawc\u0119 w roku 2025:<\/p>\n\n<table id=\"tablepress-6\" class=\"tablepress tablepress-id-6 tbody-has-connected-cells\">\n<thead>\n<tr class=\"row-1\">\n\t<th class=\"column-1\">Miejsce, w kt\u00f3rym dost\u0119pne s\u0105<br \/>\ninformacje o wp\u0142ywie wytwarzania<br \/>\nciep\u0142a na \u015brodowisko<\/th><th class=\"column-2\">Rodzaj paliwa<\/th><th class=\"column-3\">CO<code><sub>2<\/sub><\/code><\/th><th class=\"column-4\">SO<code><sub>2<\/sub><\/code><\/th><th class=\"column-5\">NO<code><sub>x<\/sub><\/code><\/th><th class=\"column-6\">Py\u0142y<\/th><th class=\"column-7\">Opady<br \/>\nradioaktywne<\/th>\n<\/tr>\n<\/thead>\n<tbody>\n<tr class=\"row-2\">\n\t<td rowspan=\"5\" class=\"column-1\"><\/td><td rowspan=\"2\" class=\"column-2\">Mia\u0142 energetyczny\/<br \/>\nw\u0119giel kamienny<\/td><td colspan=\"2\" class=\"column-3\"><\/td><td class=\"column-5\">Mg\/rok<\/td><td colspan=\"2\" class=\"column-6\"><\/td>\n<\/tr>\n<tr class=\"row-3\">\n\t<td class=\"column-3\">53 545<\/td><td class=\"column-4\">255,643<\/td><td class=\"column-5\">70,025<\/td><td class=\"column-6\">17,308<\/td><td class=\"column-7\">0<\/td>\n<\/tr>\n<tr class=\"row-4\">\n\t<td rowspan=\"2\" class=\"column-2\">Mia\u0142 energetyczny\/<br \/>\nw\u0119giel kamienny<\/td><td colspan=\"2\" class=\"column-3\"><\/td><td class=\"column-5\">Mg\/GJ<\/td><td colspan=\"2\" class=\"column-6\"><\/td>\n<\/tr>\n<tr class=\"row-5\">\n\t<td class=\"column-3\">0,107103<\/td><td class=\"column-4\">0,000511<\/td><td class=\"column-5\">0<\/td><td class=\"column-6\">0,000035<\/td><td class=\"column-7\">0<\/td>\n<\/tr>\n<tr class=\"row-6\">\n\t<td rowspan=\"2\" class=\"column-2\">Gaz ziemny<\/td><td colspan=\"2\" class=\"column-3\"><\/td><td class=\"column-5\">Mg\/rok<\/td><td colspan=\"2\" class=\"column-6\"><\/td>\n<\/tr>\n<tr class=\"row-7\">\n\t<td class=\"column-1\">www.pec.swinoujscie.pl<\/td><td class=\"column-3\">4 691<\/td><td class=\"column-4\">0,308<\/td><td class=\"column-5\">2,496<\/td><td class=\"column-6\">0,036<\/td><td class=\"column-7\">0<\/td>\n<\/tr>\n<tr class=\"row-8\">\n\t<td rowspan=\"6\" class=\"column-1\"><\/td><td rowspan=\"2\" class=\"column-2\">Gaz ziemny<\/td><td colspan=\"2\" class=\"column-3\"><\/td><td class=\"column-5\">Mg\/GJ<\/td><td colspan=\"2\" class=\"column-6\"><\/td>\n<\/tr>\n<tr class=\"row-9\">\n\t<td class=\"column-3\">0,060064<\/td><td class=\"column-4\">0,000004<\/td><td class=\"column-5\">0,000032<\/td><td class=\"column-6\">0,0000005<\/td><td class=\"column-7\">0<\/td>\n<\/tr>\n<tr class=\"row-10\">\n\t<td rowspan=\"2\" class=\"column-2\">Razem<\/td><td colspan=\"2\" class=\"column-3\"><\/td><td class=\"column-5\">Mg\/rok<\/td><td colspan=\"2\" class=\"column-6\"><\/td>\n<\/tr>\n<tr class=\"row-11\">\n\t<td class=\"column-3\">53 236<\/td><td class=\"column-4\">255,951<\/td><td class=\"column-5\">72,521<\/td><td class=\"column-6\">17,344<\/td><td class=\"column-7\">0<\/td>\n<\/tr>\n<tr class=\"row-12\">\n\t<td rowspan=\"2\" class=\"column-2\">Razem<\/td><td colspan=\"2\" class=\"column-3\"><\/td><td class=\"column-5\">Mg\/GJ<\/td><td colspan=\"2\" class=\"column-6\"><\/td>\n<\/tr>\n<tr class=\"row-13\">\n\t<td class=\"column-3\">0,100747<\/td><td class=\"column-4\">0,000443<\/td><td class=\"column-5\">0,000125<\/td><td class=\"column-6\">0,000030<\/td><td class=\"column-7\">0<\/td>\n<\/tr>\n<\/tbody>\n<\/table>\n<!-- #tablepress-6 from cache -->\n","protected":false},"excerpt":{"rendered":"<p>Informacja o strukturze paliw zu\u017cywanych do wytwarzania ciep\u0142a sprzedawanego przez Przedsi\u0119biorstwo Energetyki Cieplnej Sp. z o.o. oraz o wp\u0142ywie wytwarzania tego ciep\u0142a na \u015brodowisko w roku 2025 w my\u015bl zapis\u00f3w \u00a7 23 ust. 3 i 4 Rozporz\u0105dzenia Ministra Gospodarki z dnia 15 stycznia 2007 r. w sprawie szczeg\u00f3\u0142owych warunk\u00f3w funkcjonowania system\u00f3w ciep\u0142owniczych (Dz. U. 2007.16.92) 1. Struktura paliw zu\u017cywanych do wytwarzania ciep\u0142a sprzedanego przez sprzedawc\u0119 w roku 2025: 1 struktura paliw zgodnie z za\u0142\u0105cznikiem nr 2 do Rozporz\u0105dzenia Ministra Klimatu i \u015arodowiska z dnia 22 marca 2023 r. w sprawie szczeg\u00f3\u0142owych warunk\u00f3w funkcjonowania systemu elektroenergetycznego (Dz. U. 2023, poz. 819) &hellip;<\/p>\n","protected":false},"author":1,"featured_media":0,"parent":0,"menu_order":0,"comment_status":"closed","ping_status":"closed","template":"","meta":{"footnotes":""},"class_list":["post-312","page","type-page","status-publish","hentry"],"publishpress_future_action":{"enabled":false,"date":"2026-05-12 06:49:56","action":"change-status","newStatus":"draft","terms":[],"taxonomy":"","extraData":[]},"publishpress_future_workflow_manual_trigger":{"enabledWorkflows":[]},"_links":{"self":[{"href":"https:\/\/pec.swinoujscie.pl\/index.php\/wp-json\/wp\/v2\/pages\/312","targetHints":{"allow":["GET"]}}],"collection":[{"href":"https:\/\/pec.swinoujscie.pl\/index.php\/wp-json\/wp\/v2\/pages"}],"about":[{"href":"https:\/\/pec.swinoujscie.pl\/index.php\/wp-json\/wp\/v2\/types\/page"}],"author":[{"embeddable":true,"href":"https:\/\/pec.swinoujscie.pl\/index.php\/wp-json\/wp\/v2\/users\/1"}],"replies":[{"embeddable":true,"href":"https:\/\/pec.swinoujscie.pl\/index.php\/wp-json\/wp\/v2\/comments?post=312"}],"version-history":[{"count":11,"href":"https:\/\/pec.swinoujscie.pl\/index.php\/wp-json\/wp\/v2\/pages\/312\/revisions"}],"predecessor-version":[{"id":2066,"href":"https:\/\/pec.swinoujscie.pl\/index.php\/wp-json\/wp\/v2\/pages\/312\/revisions\/2066"}],"wp:attachment":[{"href":"https:\/\/pec.swinoujscie.pl\/index.php\/wp-json\/wp\/v2\/media?parent=312"}],"curies":[{"name":"wp","href":"https:\/\/api.w.org\/{rel}","templated":true}]}}