{"id":91,"date":"2021-02-11T07:02:06","date_gmt":"2021-02-11T06:02:06","guid":{"rendered":"http:\/\/pec.swinoujscie.pl\/wordpress\/?page_id=91"},"modified":"2021-02-11T14:56:40","modified_gmt":"2021-02-11T13:56:40","slug":"nagrody-i-wyroznienia","status":"publish","type":"page","link":"https:\/\/pec.swinoujscie.pl\/index.php\/nagrody-i-wyroznienia\/","title":{"rendered":"Nagrody i wyr\u00f3\u017cnienia"},"content":{"rendered":"<div style=\"text-align: justify;\">\n<p><span style=\"font-family: arial,helvetica,sans-serif; font-size: small; color: #000845;\">1. Gazela Biznesu 2007 r., 2010 r., 2011 r. &#8211; wyr\u00f3\u017cnienie w kategorii najdynamiczniej rozwijaj\u0105cych si\u0119 firm (ranking prowadzony przez dziennik &#8222;Puls Biznesu&#8221;). Gazela Biznesu to dynamicznie rozwijaj\u0105ca si\u0119 firma, kt\u00f3ra w ci\u0105gu ostatnich trzech lat nie odnotowa\u0142a straty, cechuje j\u0105 dobra reputacja i relacje z partnerami biznesowymi oraz kompetentna obs\u0142uga klient\u00f3w. Konkurs cieszy si\u0119 uznaniem w\u015br\u00f3d przedsi\u0119biorc\u00f3w i ekspert\u00f3w. Ranking \u201eGazele Biznesu\u201d przygotowywany jest na podstawie danych ekonomicznych. Warunkami uczestnictwa w konkursie \u201eGazele Biznesu\u201d s\u0105 mi\u0119dzy innymi: publikacja wynik\u00f3w finansowych z ostatnich trzech lat w Monitorze Polskim B, udost\u0119pnienie ich redakcji dziennika \u201ePuls Biznesu\u201d oraz dodatni wynik finansowy z trzech ostatnich lat.<\/span><\/p>\n<p>&nbsp;<\/p>\n<\/div>\n<div style=\"text-align: justify;\">\n<p><span style=\"font-family: arial,helvetica,sans-serif; font-size: small; color: #000845;\">2. Gepard Biznesu 2011 i Efektywna Firma 2011 &#8211; presti\u017cowa nagroda przyznawana najszybciej rozwijaj\u0105cym si\u0119 firmom w Polsce, g\u0142\u00f3wnym czynnikiem poddawanym ocenie jest dynamika wzrostu warto\u015bci rynkowej firmy oraz fakt i\u017c firma znalaz\u0142a si\u0119 w\u015br\u00f3d nagrodzonych wybranych spo\u015br\u00f3d 50 tysi\u0119cy firm, kt\u00f3rych wyniki finansowe zosta\u0142y przeanalizowane.<\/span><\/p>\n<p>&nbsp;<\/p>\n<\/div>\n<div style=\"text-align: justify;\">\n<p><span style=\"font-family: arial,helvetica,sans-serif; font-size: small; color: #000845;\">3. 2011 r. &#8211; nominacja przez Izb\u0119 Gospodarcz\u0105 Ciep\u0142ownictwo Polskie do nagrody Laur Ciep\u0142ownictwa w kategorii: Wiod\u0105ce Przedsi\u0119biorstwo Ciep\u0142ownicze zgodnie z maksym\u0105 &#8222;Pierwszy w\u015br\u00f3d r\u00f3wnych&#8221; o sprzeda\u017cy ciep\u0142a od 200 001 do 1 000 000 GJ. PEC Sp. z o.o. w \u015awinouj\u015bciu znalaz\u0142o si\u0119 w swojej kategorii w gronie trzech najlepszych w Polsce.<\/span><\/p>\n<p>&nbsp;<\/p>\n<\/div>\n<div style=\"text-align: justify;\">\n<p><span style=\"font-family: arial,helvetica,sans-serif; font-size: small; color: #000845;\">4. <img loading=\"lazy\" decoding=\"async\" style=\"margin: 5px; float: right; border: 1px solid black;\" src=\"http:\/\/pec2.home.pl\/pliki\/IGCP%20WRECZANIE.JPG\" width=\"284\" height=\"189\" border=\"0\" \/>2012 r. &#8211; Laur Ciep\u0142ownictwa w kategorii: Wiod\u0105ce Przedsi\u0119biorstwo Ciep\u0142ownicze zgodnie z maksym\u0105 &#8222;Pierwszy w\u015br\u00f3d r\u00f3wnych&#8221; o sprzeda\u017cy ciep\u0142a od 200 001 do 1 000 000 GJ.<\/span><\/p>\n<p>&nbsp;<\/p>\n<\/div>\n<div style=\"text-align: justify;\"><span style=\"font-family: arial,helvetica,sans-serif; font-size: small; color: #000845;\"> W dniach 16.09 &#8211; 19.09.2012 r. podczas XVI Forum Ciep\u0142ownik\u00f3w Polskich w Mi\u0119dzyzdrojach organizowane przez Izb\u0119 Gospodarcz\u0105 Ciep\u0142ownictwo Polskie wr\u0119czano Laury Ciep\u0142ownictwa &#8211; nagrody przyznawane dla ciep\u0142ownik\u00f3w przez ciep\u0142ownik\u00f3w jako dow\u00f3d uznania ze strony kole\u017canek i koleg\u00f3w z bran\u017cy. Podstaw\u0105 przyznawania nagrody jest ocena przedsi\u0119biorstwa dokonywana w oparciu o wska\u017aniki ekonomiczno &#8211; eksploatacyjno-inwestycyjne za miniony rok. Przedsi\u0119biorstwu Energetyki Cieplnej Sp. z o.o. w \u015awinouj\u015bciu zosta\u0142 przyznany Laur Ciep\u0142ownictwa w kategorii: Wiod\u0105ce Przedsi\u0119biorstwo Ciep\u0142ownicze zgodnie z maksym\u0105 &#8222;Pierwszy w\u015br\u00f3d r\u00f3wnych&#8221; o sprzeda\u017cy ciep\u0142a od 200 001 do 1 000 000 GJ.<\/span><\/div>\n<div style=\"text-align: justify;\">\n<p><span style=\"font-family: arial,helvetica,sans-serif; font-size: small; color: #000845;\"><span style=\"font-family: arial,helvetica,sans-serif; font-size: small; color: #000845;\"><span style=\"font-family: arial,helvetica,sans-serif; font-size: small; color: #000845;\"> Nagrod\u0119 odebra\u0142a Prezes \u015bwinoujskiej sp\u00f3\u0142ki Gra\u017cyna Ko\u0142owiecka podkre\u015blaj\u0105c, \u017ce jest to wielki dzie\u0144 dla firmy i dla niej oraz \u017ce osi\u0105gni\u0119cie dobrych wynik\u00f3w, kt\u00f3rych efektem jest otrzymany LAUR CIEP\u0141OWNICTWA by\u0142o mo\u017cliwe dzi\u0119ki zaanga\u017cowaniu pracownik\u00f3w PEC Sp. z o.o.<\/span><\/span><\/span><\/p>\n<p>5. 2013 r. &#8211; nominacja do tytu\u0142u Lider Rozwoju Regionalnego 2013, DIAMENTY FORBESA 2013 (przedzia\u0142 Diamenty Ma\u0142e) &#8211; to ranking polskich przedsi\u0119biorstw najszybciej zwi\u0119kszaj\u0105cych swoj\u0105 warto\u015b\u0107 w ci\u0105gu ostatnich trzech lat dzia\u0142alno\u015bci, <span style=\"font-family: arial,helvetica,sans-serif; font-size: small; color: #000845;\">nominacja przez Izb\u0119 Gospodarcz\u0105 Ciep\u0142ownictwo Polskie do nagrody Laur Ciep\u0142ownictwa w kategorii: Wiod\u0105ce Przedsi\u0119biorstwo Ciep\u0142ownicze zgodnie z maksym\u0105 &#8222;Pierwszy w\u015br\u00f3d r\u00f3wnych&#8221; o sprzeda\u017cy ciep\u0142a od 200 001 do 1 000 000 GJ.<br \/>\n<\/span><span style=\"font-family: arial,helvetica,sans-serif; font-size: small;\"><span style=\"font-family: arial,helvetica,sans-serif; font-size: small;\"><span style=\"font-family: arial,helvetica,sans-serif; font-size: small;\"><span style=\"font-family: arial,helvetica,sans-serif; font-size: small;\"><br \/>\n<\/span><\/span><\/span><\/span><span style=\"font-family: arial,helvetica,sans-serif; font-size: small;\"><span style=\"font-family: arial,helvetica,sans-serif; font-size: small;\"><span style=\"font-family: arial,helvetica,sans-serif; font-size: small;\"><span style=\"font-family: arial,helvetica,sans-serif; font-size: small;\"><span style=\"color: #000845;\">6. 2014 r. &#8211; <\/span><span style=\"font-family: arial,helvetica,sans-serif; font-size: small; color: #0f204b;\"><span style=\"color: #000845;\">PEC Sp. z o.o. zosta\u0142o nominowane do Nagrody Prezydenta Miasta \u015awinouj\u015bcie \u201eTRYTON 2014\u201d w kategorii \u201eGospodarka i przedsi\u0119biorczo\u015b\u0107\u201d. Nagroda jest przyznawana przez Kapitu\u0142\u0119 Nagrody Prezydenta Miasta \u015awinouj\u015bcie TRYTON 2014 osobom, instytucjom i firmom za szczeg\u00f3lne osi\u0105gni\u0119cia maj\u0105ce istotny wp\u0142yw na gospodarczy i spo\u0142eczno-kulturalny wizerunek Miasta \u015awinouj\u015bcie oraz jego promocj\u0119.<\/span><\/span><\/span><\/span><\/span><\/span><\/p>\n<p>7. 2015 r. <span style=\"color: #000845;\">&#8211; <\/span><span style=\"color: #000845; font-family: arial,helvetica,sans-serif; font-size: small;\">Przedsi\u0119biorstwo Energetyki Cieplnej Sp\u00f3\u0142ka z o.o. w \u015awinouj\u015bciu znalaz\u0142o si\u0119 w gronie najdynamiczniej rozwijaj\u0105cych si\u0119 przedsi\u0119biorstw energetyki i ciep\u0142ownictwa w Polsce &#8211; uzyska\u0142o tytu\u0142 Geparda Biznesu przyznanego w IX edycji Og\u00f3lnopolskiego Konkursu Gepardy Biznesu 2014.<\/span><\/p>\n<p>8. 2016 r. &#8211; PEC Sp. z o.o. dzi\u0119ki realizacji projekt\u00f3w maj\u0105cych na celu dba\u0142o\u015b\u0107 o \u015brodowisko naturalne i wspomaganie lokalnej spo\u0142eczno\u015bci, id\u0105cych w parze z sukcesami gospodarczymi zosta\u0142o nominowane do nagrody Lider Rozwoju Regionalnego 2016.<\/p>\n<p><span style=\"color: #000845; font-family: arial,helvetica,sans-serif; font-size: small;\">&#8211; Przedsi\u0119biorstwo Energetyki Cieplnej Sp. z o.o. w \u015awinouj\u015bciu znalaz\u0142o si\u0119 w gronie <strong>10 najlepszych przedsi\u0119biorstw bran\u017cy ciep\u0142owniczej w Polsce<\/strong> i zaj\u0119\u0142o <strong>6 miejsce<\/strong> w Og\u00f3lnopolskim Rankingu Najlepszych Przedsi\u0119biorstw Energetyki Cieplnej za rok 2015.<br \/>\n<\/span><span style=\"color: #000845; font-family: arial,helvetica,sans-serif; font-size: small;\"><span style=\"font-family: arial,helvetica,sans-serif; font-size: small; color: #000845;\"><span style=\"color: #000845; font-family: arial,helvetica,sans-serif; font-size: small;\"><a title=\"ranking-Strefas Gospodarki\" href=\"http:\/\/pec2.home.pl\/pliki\/ranking.jpg\" target=\"_blank\" rel=\"noopener\"><span style=\"color: #000845; font-family: arial,helvetica,sans-serif; font-size: small;\"><img loading=\"lazy\" decoding=\"async\" style=\"margin: 5px; border: 1px solid black; vertical-align: baseline;\" src=\"http:\/\/pec2.home.pl\/pliki\/ranking.jpg\" width=\"280\" height=\"336\" border=\"0\" \/><\/span><\/a><\/span><\/span><\/span><\/p>\n<p>&#8211; Przedsi\u0119biorstwo Energetyki Cieplnej Sp\u00f3\u0142ka z o.o. w \u015awinouj\u015bciu znalaz\u0142o si\u0119 w gronie najdynamiczniej rozwijaj\u0105cych si\u0119 przedsi\u0119biorstw energetyki i ciep\u0142ownictwa w Polsce &#8211; uzyska\u0142o tytu\u0142:<\/p>\n<ul>\n<li><span style=\"color: #000845; font-family: arial,helvetica,sans-serif; font-size: small;\"><span style=\"font-family: arial,helvetica,sans-serif; font-size: small; color: #000845;\">Geparda Biznesu 2015 przyznanego w X edycji Og\u00f3lnopolskiego Konkursu Gepardy Biznesu 2015, <\/span><\/span><\/li>\n<li><span style=\"color: #000845; font-family: arial,helvetica,sans-serif; font-size: small;\"><span style=\"font-family: arial,helvetica,sans-serif; font-size: small; color: #000845;\">Efektywna Firma 2015 w VIII edycji Og\u00f3lnopolskiego Konkursu Efektywna Firma 2015,<\/span><\/span><\/li>\n<li><span style=\"color: #000845; font-family: arial,helvetica,sans-serif; font-size: small;\"><span style=\"font-family: arial,helvetica,sans-serif; font-size: small; color: #000845;\">Mocna Firma Godna Zaufania 2015 w III edycji Og\u00f3lnopolskiego Programu Promocyjnego Mocna Firma Godna Zaufania 2015.<\/span><\/span><\/li>\n<\/ul>\n<p><span style=\"color: #000845; font-family: arial,helvetica,sans-serif; font-size: small;\">9. 2017 r.<\/span> &#8211; <span style=\"color: #000845; font-family: arial,helvetica,sans-serif; font-size: small;\">Przedsi\u0119biorstwo Energetyki Cieplnej Sp. z o.o. w \u015awinouj\u015bciu znalaz\u0142o si\u0119 w gronie <strong>10 najlepszych przedsi\u0119biorstw bran\u017cy ciep\u0142owniczej w Polsce<\/strong> i zaj\u0119\u0142o <strong>5 miejsce<\/strong> w Og\u00f3lnopolskim Rankingu Najlepszych Przedsi\u0119biorstw Energetyki Cieplnej za rok 2016.<\/span><br \/>\n<a title=\"ranking 2017\" href=\"http:\/\/pec2.home.pl\/pliki\/ranking%20PEC%20-%20tabela1.jpg\" target=\"_blank\" rel=\"noopener\"><img loading=\"lazy\" decoding=\"async\" title=\"ranking 2017\" src=\"http:\/\/pec2.home.pl\/pliki\/ranking%20PEC%20-%20tabela.jpg\" width=\"117\" height=\"300\" border=\"0\" \/><\/a><span style=\"color: #000845; font-family: arial,helvetica,sans-serif; font-size: small;\"><span style=\"color: #000845; font-family: arial,helvetica,sans-serif; font-size: small;\"><br \/>\n<\/span><\/span><\/p>\n<p><span style=\"color: #000845; font-family: arial, helvetica, sans-serif; font-size: small;\">&#8211; Laur Ciep\u0142ownictwa w kategorii: Wiod\u0105ce Przedsi\u0119biorstwo Ciep\u0142ownicze zgodnie z maksym\u0105 &#8222;Pierwszy w\u015br\u00f3d r\u00f3wnych&#8221; o sprzeda\u017cy ciep\u0142a od 200 001 do 1 000 000 GJ.,<br \/>\n<\/span><span style=\"color: #000845; font-family: arial, helvetica, sans-serif; font-size: small;\">&#8211; Gepard Biznesu 2016 przyznany w XI edycji Og\u00f3lnopolskiego Konkursu Gepardy Biznesu 2016,<br \/>\n<\/span><span style=\"color: #000845; font-family: arial, helvetica, sans-serif; font-size: small;\">&#8211; Lider Biznesu \u2013 Orze\u0142 Wprost 2017.<\/span><\/p>\n<p>10. 2018r.:<br \/>\n&#8211; Przedsi\u0119biorstwo Energetyki Cieplnej Sp. z o.o. w \u015awinouj\u015bciu znalaz\u0142o si\u0119 w gronie <strong>10 najlepszych przedsi\u0119biorstw bran\u017cy ciep\u0142owniczej w Polsce<\/strong> i zaj\u0119\u0142o<strong> 7 miejsce<\/strong> w Og\u00f3lnopolskim Rankingu Najlepszych Przedsi\u0119biorstw Energetyki Cieplnej za rok 2017 prowadzonym przez Redakcj\u0119 Strefy Gospodarki,<br \/>\n&#8211; Gepard Biznesu 2017 przyznany w XII edycji Og\u00f3lnopolskiego Konkursu Gepardy Biznesu 2017.<\/p>\n<p>11. 2019r.:<br \/>\n&#8211; Przedsi\u0119biorstwo Energetyki Cieplnej Sp. z o.o. w \u015awinouj\u015bciu znalaz\u0142o si\u0119 w gronie <strong>10 najlepszych przedsi\u0119biorstw bran\u017cy ciep\u0142owniczej w Polsce<\/strong> i zaj\u0119\u0142o <strong>7 miejsce<\/strong> w Og\u00f3lnopolskim Rankingu Najlepszych Przedsi\u0119biorstw Energetyki Cieplnej za rok 2018 prowadzonym przez Redakcj\u0119 Strefy Gospodarki &#8211; <a href=\"https:\/\/pec.swinoujscie.pl\/pliki\/images\/PEC%20-%20dyplomStrefa%20Gospodarki.pdf\" target=\"_blank\" rel=\"noopener\">DYPLOM<\/a>,<br \/>\n&#8211; Brylant Polskiej Gospodarki 2018 przyznany w XI edycji Konkursu Brylanty Polskiej Gospodarki 2018,<br \/>\n&#8211; Efektywna firma 2018 przyznany w XI edycji Konkursu Efektywna Firma 2018,<br \/>\n&#8211; Gepard Biznesu 2018 przyznany w XIII edycji Og\u00f3lnopolskiego Konkursu Gepardy Biznesu 2018.<\/p>\n<\/div>\n","protected":false},"excerpt":{"rendered":"<p>1. Gazela Biznesu 2007 r., 2010 r., 2011 r. &#8211; wyr\u00f3\u017cnienie w kategorii najdynamiczniej rozwijaj\u0105cych si\u0119 firm (ranking prowadzony przez dziennik &#8222;Puls Biznesu&#8221;). Gazela Biznesu to dynamicznie rozwijaj\u0105ca si\u0119 firma, kt\u00f3ra w ci\u0105gu ostatnich trzech lat nie odnotowa\u0142a straty, cechuje j\u0105 dobra reputacja i relacje z partnerami biznesowymi oraz kompetentna obs\u0142uga klient\u00f3w. Konkurs cieszy si\u0119 uznaniem w\u015br\u00f3d przedsi\u0119biorc\u00f3w i ekspert\u00f3w. Ranking \u201eGazele Biznesu\u201d przygotowywany jest na podstawie danych ekonomicznych. Warunkami uczestnictwa w konkursie \u201eGazele Biznesu\u201d s\u0105 mi\u0119dzy innymi: publikacja wynik\u00f3w finansowych z ostatnich trzech lat w Monitorze Polskim B, udost\u0119pnienie ich redakcji dziennika \u201ePuls Biznesu\u201d oraz dodatni wynik finansowy z &hellip;<\/p>\n","protected":false},"author":1,"featured_media":0,"parent":0,"menu_order":0,"comment_status":"closed","ping_status":"closed","template":"","meta":{"footnotes":""},"class_list":["post-91","page","type-page","status-publish","hentry"],"publishpress_future_action":{"enabled":false,"date":"2026-05-10 11:20:01","action":"change-status","newStatus":"draft","terms":[],"taxonomy":"","extraData":[]},"publishpress_future_workflow_manual_trigger":{"enabledWorkflows":[]},"_links":{"self":[{"href":"https:\/\/pec.swinoujscie.pl\/index.php\/wp-json\/wp\/v2\/pages\/91","targetHints":{"allow":["GET"]}}],"collection":[{"href":"https:\/\/pec.swinoujscie.pl\/index.php\/wp-json\/wp\/v2\/pages"}],"about":[{"href":"https:\/\/pec.swinoujscie.pl\/index.php\/wp-json\/wp\/v2\/types\/page"}],"author":[{"embeddable":true,"href":"https:\/\/pec.swinoujscie.pl\/index.php\/wp-json\/wp\/v2\/users\/1"}],"replies":[{"embeddable":true,"href":"https:\/\/pec.swinoujscie.pl\/index.php\/wp-json\/wp\/v2\/comments?post=91"}],"version-history":[{"count":2,"href":"https:\/\/pec.swinoujscie.pl\/index.php\/wp-json\/wp\/v2\/pages\/91\/revisions"}],"predecessor-version":[{"id":196,"href":"https:\/\/pec.swinoujscie.pl\/index.php\/wp-json\/wp\/v2\/pages\/91\/revisions\/196"}],"wp:attachment":[{"href":"https:\/\/pec.swinoujscie.pl\/index.php\/wp-json\/wp\/v2\/media?parent=91"}],"curies":[{"name":"wp","href":"https:\/\/api.w.org\/{rel}","templated":true}]}}